{"id":2770,"date":"2015-08-24T07:17:32","date_gmt":"2015-08-24T07:17:32","guid":{"rendered":"https:\/\/jedanse.ca\/danse-classique\/"},"modified":"2026-04-02T16:00:55","modified_gmt":"2026-04-02T16:00:55","slug":"danse-classique","status":"publish","type":"page","link":"https:\/\/jedanse.ca\/en\/cours\/formation-8-ans-et-plus\/danse-classique\/","title":{"rendered":"Danse classique"},"content":{"rendered":"<h2>Description<\/h2>\n<h3>Classical ballet<\/h3>\n<p>Classical ballet comes from a long tradition; its practice focuses on acquiring techniques that primarily train the body to become a malleable and expressive instrument.<\/p>\n<p>The \u00c9l\u00e9mentaire levels allow students to learn the basic steps in classical ballet. Over a period of 4 to 6 years, students acquire basic knowledge of classical ballet. The Interm\u00e9diaire level courses target the development, complexity and refinement of dance steps, as well as the subtlety and nuance in the execution of the movement. At this level, the student continues to learn by aiming for technical knowledge and artistic expression.<\/p>\n<h3>Pointes and variations<\/h3>\n<p>Before undertaking this type of training, the student must have completed basic training. Pointe classes require a hard-toed shoe that is fitted to the student\u2019s foot. This training is intended exclusively for girls who are sufficiently advanced in their growth, around the age of 12. These complementary courses to the intermediate training allow to learn choreographies recognized for their level of technical and artistic difficulty.<\/p>\n<h2><strong><br \/>\n<\/strong><strong>Classique profile<\/strong><\/h2>\n<h2>Schedule and fees 2025-2026<\/h2>\n<h3>\u00c9l\u00e9mentaire I (8-9 year olds)<\/h3>\n<table style=\"height: 144px;\" width=\"796\">\n<thead>\n<tr>\n<th style=\"text-align: left;\" width=\"25%\">Basic training<\/th>\n<th width=\"12%\">Age<\/th>\n<th width=\"35%\">Schedule<\/th>\n<th>Monthly fee<\/th>\n<th>Annual fee<\/th>\n<\/tr>\n<\/thead>\n<tbody>\n<tr>\n<td>\u00c9l\u00e9mentaire I Barre<\/td>\n<td>8 to 9<\/td>\n<td>Wednesday 5:00 to 6:15 p.m.<\/td>\n<td>$105<\/td>\n<td>$840<\/td>\n<\/tr>\n<tr>\n<td>\u00c9l\u00e9mentaire I Centre<\/td>\n<td>8 to 9<\/td>\n<td>Friday 5:00 to 6:15 p.m.<\/td>\n<td>$105<\/td>\n<td>$840<\/td>\n<\/tr>\n<\/tbody>\n<\/table>\n<table style=\"height: 189px;\" width=\"796\">\n<thead>\n<tr>\n<th style=\"text-align: left;\" width=\"25%\">Complimentary training<\/th>\n<th width=\"12%\"><\/th>\n<th width=\"35%\">Infos<\/th>\n<th><\/th>\n<th><\/th>\n<\/tr>\n<\/thead>\n<tbody>\n<tr>\n<td><a href=\"https:\/\/jedanse.ca\/en\/cours\/mise-en-forme-par-la-danse-adultes-aines-et-retraites\/danse-trapeze\/\">Danse trap\u00e8ze<\/a><\/td>\n<td><\/td>\n<td>See link\u00a0\u2013 level to be determined<\/td>\n<td><\/td>\n<td><\/td>\n<\/tr>\n<tr>\n<td><a href=\"https:\/\/jedanse.ca\/en\/parcours-developpement-personnel-8-ans-et-plus\/atelier-contemporain\/\">Atelier contemporain<\/a><\/td>\n<td><\/td>\n<td>See link\u00a0\u2013 level to be determined<\/td>\n<td><\/td>\n<td><\/td>\n<\/tr>\n<tr>\n<td><a href=\"https:\/\/jedanse.ca\/en\/parcours-developpement-personnel-8-ans-et-plus\/etirement-et-renforcement\/\">\u00c9tirement et renforcement<\/a><\/td>\n<td><\/td>\n<td>See link\u00a0\u2013 level to be determined<\/td>\n<td><\/td>\n<td><\/td>\n<\/tr>\n<\/tbody>\n<\/table>\n<table style=\"height: 114px;\" width=\"796\">\n<thead>\n<tr>\n<th style=\"text-align: left;\" width=\"25%\">Educational activities<\/th>\n<th width=\"12%\">Period<\/th>\n<th width=\"35%\">Comments<\/th>\n<th>Fees<\/th>\n<th><\/th>\n<\/tr>\n<\/thead>\n<tbody>\n<tr>\n<td>Open class<\/td>\n<td>January<\/td>\n<td>Open to public<\/td>\n<td>Free<\/td>\n<td><\/td>\n<\/tr>\n<tr>\n<td>Evaluation<\/td>\n<td>May<\/td>\n<td>ESBQ or internal<\/td>\n<td>To be determined<\/td>\n<td><\/td>\n<\/tr>\n<tr>\n<td>Demonstration<\/td>\n<td>May<\/td>\n<td>Open to public<\/td>\n<td>Free<\/td>\n<td><\/td>\n<\/tr>\n<\/tbody>\n<\/table>\n<table style=\"height: 144px;\" width=\"796\">\n<thead>\n<tr>\n<th style=\"text-align: left;\" width=\"25%\">Productions<\/th>\n<th width=\"12%\">Period<\/th>\n<th width=\"35%\">Comments<\/th>\n<th>Fees<\/th>\n<th><\/th>\n<\/tr>\n<\/thead>\n<tbody>\n<tr>\n<td>Parade<\/td>\n<td>March-april<\/td>\n<td><img decoding=\"async\" class=\"mwe-math-fallback-image-inline\" src=\"https:\/\/wikimedia.org\/api\/rest_v1\/media\/math\/render\/svg\/6f58f4c2b73283ce8a5ad28fb3746f2a8c998789\" alt=\"\\approx \" \/> 5 rehearsals (weekends)<\/td>\n<td>Included<\/td>\n<td><\/td>\n<\/tr>\n<tr>\n<td>Choreographic workshops<\/td>\n<td>February-april<\/td>\n<td><img decoding=\"async\" class=\"mwe-math-fallback-image-inline\" src=\"https:\/\/wikimedia.org\/api\/rest_v1\/media\/math\/render\/svg\/6f58f4c2b73283ce8a5ad28fb3746f2a8c998789\" alt=\"\\approx \" \/> 10 weeks of rehearsals (weekends)<\/td>\n<td>To be determined<\/td>\n<td><\/td>\n<\/tr>\n<\/tbody>\n<\/table>\n<table style=\"height: 90px;\" width=\"796\">\n<thead>\n<tr>\n<th style=\"text-align: left;\" width=\"25%\">Production<\/th>\n<th width=\"12%\">Period<\/th>\n<th width=\"35%\">Comments<\/th>\n<th>Fees<\/th>\n<th><\/th>\n<\/tr>\n<\/thead>\n<tbody>\n<tr>\n<td><a href=\"https:\/\/jedanse.ca\/en\/animation-scolaire\/programmes\/rencontre-danse\/\">Rencontre danse<\/a><\/td>\n<td>April-May<\/td>\n<td>Open to school public<\/td>\n<td>To be determined<\/td>\n<td><\/td>\n<\/tr>\n<tr>\n<td><a href=\"https:\/\/jedanse.ca\/en\/spectacles\/tradition-et-innovation\/\">Spectacle b\u00e9n\u00e9fice<\/a><\/td>\n<td>April-May<\/td>\n<td>Open to general public<\/td>\n<td>To be determined<\/td>\n<td><\/td>\n<\/tr>\n<\/tbody>\n<\/table>\n<h3>\u00c9l\u00e9mentaire II (9-10 year olds)<\/h3>\n<table style=\"height: 144px;\" width=\"796\">\n<thead>\n<tr>\n<th style=\"text-align: left;\" width=\"25%\">Basic training<\/th>\n<th width=\"12%\">Age<\/th>\n<th width=\"35%\">Schedule<\/th>\n<th>Monthly fee<\/th>\n<th>Annual fee<\/th>\n<\/tr>\n<\/thead>\n<tbody>\n<tr>\n<td>\u00c9l\u00e9mentaire II Barre<\/td>\n<td>9 to 10<\/td>\n<td>Wednesday 6:15 to 7:30 p.m.<\/td>\n<td>$105<\/td>\n<td>$840<\/td>\n<\/tr>\n<tr>\n<td>\u00c9l\u00e9mentaire II Centre<\/td>\n<td>9 to 10<\/td>\n<td>Friday 6:15 to 7:30 p.m.<\/td>\n<td>$105<\/td>\n<td>$840<\/td>\n<\/tr>\n<\/tbody>\n<\/table>\n<table style=\"height: 189px;\" width=\"796\">\n<thead>\n<tr>\n<th style=\"text-align: left;\" width=\"25%\">Complimentary training<\/th>\n<th width=\"12%\"><\/th>\n<th width=\"35%\">Infos<\/th>\n<th><\/th>\n<th><\/th>\n<\/tr>\n<\/thead>\n<tbody>\n<tr>\n<td><a href=\"https:\/\/jedanse.ca\/en\/cours\/mise-en-forme-par-la-danse-adultes-aines-et-retraites\/danse-trapeze\/\">Danse trap\u00e8ze<\/a><\/td>\n<td><\/td>\n<td>See link\u00a0\u2013 level to be determined<\/td>\n<td><\/td>\n<td><\/td>\n<\/tr>\n<tr>\n<td><a href=\"https:\/\/jedanse.ca\/en\/parcours-developpement-personnel-8-ans-et-plus\/atelier-contemporain\/\">Atelier contemporain<\/a><\/td>\n<td><\/td>\n<td>See link\u00a0\u2013 level to be determined<\/td>\n<td><\/td>\n<td><\/td>\n<\/tr>\n<tr>\n<td><a href=\"https:\/\/jedanse.ca\/en\/parcours-developpement-personnel-8-ans-et-plus\/etirement-et-renforcement\/\">\u00c9tirement et renforcement<\/a><\/td>\n<td><\/td>\n<td>See link\u00a0\u2013 level to be determined<\/td>\n<td><\/td>\n<td><\/td>\n<\/tr>\n<\/tbody>\n<\/table>\n<table style=\"height: 175px;\" width=\"796\">\n<thead>\n<tr>\n<th style=\"text-align: left;\" width=\"25%\">Educational activities<\/th>\n<th width=\"12%\">Period<\/th>\n<th width=\"35%\">Comments<\/th>\n<th>Fees<\/th>\n<th><\/th>\n<\/tr>\n<\/thead>\n<tbody>\n<tr>\n<td>Open class<\/td>\n<td>January<\/td>\n<td>Open to public<\/td>\n<td>Free<\/td>\n<td><\/td>\n<\/tr>\n<tr>\n<td>Evaluation<\/td>\n<td>May<\/td>\n<td>ESBQ or internal<\/td>\n<td>To be determined<\/td>\n<td><\/td>\n<\/tr>\n<tr>\n<td>Demonstration<\/td>\n<td>May<\/td>\n<td>Open to public<\/td>\n<td>Free<\/td>\n<td><\/td>\n<\/tr>\n<\/tbody>\n<\/table>\n<table style=\"height: 136px;\" width=\"796\">\n<thead>\n<tr>\n<th style=\"text-align: left;\" width=\"25%\">Productions<\/th>\n<th width=\"12%\">Period<\/th>\n<th width=\"35%\">Comments<\/th>\n<th>Fees<\/th>\n<th><\/th>\n<\/tr>\n<\/thead>\n<tbody>\n<tr>\n<td>Parade<\/td>\n<td>Mach-April<\/td>\n<td><img decoding=\"async\" class=\"mwe-math-fallback-image-inline\" src=\"https:\/\/wikimedia.org\/api\/rest_v1\/media\/math\/render\/svg\/6f58f4c2b73283ce8a5ad28fb3746f2a8c998789\" alt=\"\\approx \" \/> 5 rehearsals (weekends)<\/td>\n<td>Included<\/td>\n<td><\/td>\n<\/tr>\n<tr>\n<td>Choreographic workshops<\/td>\n<td>February-April<\/td>\n<td><img decoding=\"async\" class=\"mwe-math-fallback-image-inline\" src=\"https:\/\/wikimedia.org\/api\/rest_v1\/media\/math\/render\/svg\/6f58f4c2b73283ce8a5ad28fb3746f2a8c998789\" alt=\"\\approx \" \/> 10 weeks of rehearsals (weekends)<\/td>\n<td>To be determined<\/td>\n<td><\/td>\n<\/tr>\n<\/tbody>\n<\/table>\n<table style=\"height: 91px;\" width=\"796\">\n<thead>\n<tr>\n<th style=\"text-align: left;\" width=\"25%\">Performances<\/th>\n<th width=\"12%\">Period<\/th>\n<th width=\"35%\">Comments<\/th>\n<th>Fees<\/th>\n<th><\/th>\n<\/tr>\n<\/thead>\n<tbody>\n<tr>\n<td><a href=\"https:\/\/jedanse.ca\/en\/animation-scolaire\/programmes\/rencontre-danse\/\">Rencontre danse<\/a><\/td>\n<td>April-May<\/td>\n<td>Open to school public<\/td>\n<td>To be determined<\/td>\n<td><\/td>\n<\/tr>\n<tr>\n<td><a href=\"https:\/\/jedanse.ca\/en\/spectacles\/tradition-et-innovation\/\">Spectacle b\u00e9n\u00e9fice<\/a><\/td>\n<td>April-May<\/td>\n<td>Open to general public<\/td>\n<td>To be determined<\/td>\n<td><\/td>\n<\/tr>\n<\/tbody>\n<\/table>\n<h3>\u00c9l\u00e9mentaire III (10-11 year olds)<\/h3>\n<table style=\"height: 144px;\" width=\"796\">\n<thead>\n<tr>\n<th style=\"text-align: left;\" width=\"25%\">Basic training<\/th>\n<th width=\"12%\">Age<\/th>\n<th width=\"35%\">Schedule<\/th>\n<th>Monthly fee<\/th>\n<th>Annual fee<\/th>\n<\/tr>\n<\/thead>\n<tbody>\n<tr>\n<td>\u00c9l\u00e9mentaire III Barre<\/td>\n<td>10 to 11<\/td>\n<td>Wednesday 7:30 to 8:45 p.m.<\/td>\n<td>$105<\/td>\n<td>$840<\/td>\n<\/tr>\n<tr>\n<td>\u00c9l\u00e9mentaire III Centre<\/td>\n<td>10 to 11<\/td>\n<td>Friday 7:30 to 8:45 p.m.<\/td>\n<td>$105<\/td>\n<td>$840<\/td>\n<\/tr>\n<\/tbody>\n<\/table>\n<table style=\"height: 189px;\" width=\"796\">\n<thead>\n<tr>\n<th style=\"text-align: left;\" width=\"25%\">Complimentary training<\/th>\n<th width=\"12%\"><\/th>\n<th width=\"35%\">Infos<\/th>\n<th><\/th>\n<th><\/th>\n<\/tr>\n<\/thead>\n<tbody>\n<tr>\n<td><a href=\"https:\/\/jedanse.ca\/en\/cours\/mise-en-forme-par-la-danse-adultes-aines-et-retraites\/danse-trapeze\/\">Danse trap\u00e8ze<\/a><\/td>\n<td><\/td>\n<td>See link\u00a0\u2013 level to be determined<\/td>\n<td><\/td>\n<td><\/td>\n<\/tr>\n<tr>\n<td><a href=\"https:\/\/jedanse.ca\/en\/parcours-developpement-personnel-8-ans-et-plus\/atelier-contemporain\/\">Atelier contemporain<\/a><\/td>\n<td><\/td>\n<td>See link\u00a0\u2013 level to be determined<\/td>\n<td><\/td>\n<td><\/td>\n<\/tr>\n<tr>\n<td><a href=\"https:\/\/jedanse.ca\/en\/parcours-developpement-personnel-8-ans-et-plus\/etirement-et-renforcement\/\">\u00c9tirement et renforcement<\/a><\/td>\n<td><\/td>\n<td>See link\u00a0\u2013 level to be determined<\/td>\n<td><\/td>\n<td><\/td>\n<\/tr>\n<\/tbody>\n<\/table>\n<table style=\"height: 200px;\" width=\"796\">\n<thead>\n<tr>\n<th style=\"text-align: left;\" width=\"25%\">Educational activities<\/th>\n<th width=\"12%\">Period<\/th>\n<th width=\"35%\">Comments<\/th>\n<th>Fees<\/th>\n<th><\/th>\n<\/tr>\n<\/thead>\n<tbody>\n<tr>\n<td>Open class<\/td>\n<td>January<\/td>\n<td>Open to public<\/td>\n<td>Free<\/td>\n<td><\/td>\n<\/tr>\n<tr>\n<td>Evaluation<\/td>\n<td>May<\/td>\n<td>ESBQ or internal<\/td>\n<td>To be determined<\/td>\n<td><\/td>\n<\/tr>\n<tr>\n<td>Demonstration<\/td>\n<td>May<\/td>\n<td>Open to public<\/td>\n<td>Free<\/td>\n<td><\/td>\n<\/tr>\n<\/tbody>\n<\/table>\n<table style=\"height: 135px;\" width=\"796\">\n<thead>\n<tr>\n<th style=\"text-align: left;\" width=\"25%\">Productions<\/th>\n<th width=\"12%\">Period<\/th>\n<th width=\"35%\">Comments<\/th>\n<th>Fees<\/th>\n<th><\/th>\n<\/tr>\n<\/thead>\n<tbody>\n<tr>\n<td>Parade<\/td>\n<td>March-April<\/td>\n<td><img decoding=\"async\" class=\"mwe-math-fallback-image-inline\" src=\"https:\/\/wikimedia.org\/api\/rest_v1\/media\/math\/render\/svg\/6f58f4c2b73283ce8a5ad28fb3746f2a8c998789\" alt=\"\\approx \" \/> 5 rehearsals (weekends)<\/td>\n<td>Included<\/td>\n<td><\/td>\n<\/tr>\n<tr>\n<td>Choreographic workshops<\/td>\n<td>February-April<\/td>\n<td><img decoding=\"async\" class=\"mwe-math-fallback-image-inline\" src=\"https:\/\/wikimedia.org\/api\/rest_v1\/media\/math\/render\/svg\/6f58f4c2b73283ce8a5ad28fb3746f2a8c998789\" alt=\"\\approx \" \/> 10 weeks of rehearsals (weekends)<\/td>\n<td>To be determined<\/td>\n<td><\/td>\n<\/tr>\n<\/tbody>\n<\/table>\n<table style=\"height: 87px;\" width=\"796\">\n<thead>\n<tr>\n<th style=\"text-align: left;\" width=\"25%\">Performance<\/th>\n<th width=\"12%\">Period<\/th>\n<th width=\"35%\">Comments<\/th>\n<th><\/th>\n<th>Fees<\/th>\n<\/tr>\n<\/thead>\n<tbody>\n<tr>\n<td><a href=\"https:\/\/jedanse.ca\/en\/animation-scolaire\/programmes\/rencontre-danse\/\">Rencontre danse<\/a><\/td>\n<td>April-May<\/td>\n<td>Open to school public<\/td>\n<td><\/td>\n<td>To be determined<\/td>\n<\/tr>\n<tr>\n<td><a href=\"https:\/\/jedanse.ca\/en\/spectacles\/tradition-et-innovation\/\">Spectacle b\u00e9n\u00e9fice<\/a><\/td>\n<td>April-May<\/td>\n<td>Open to general public<\/td>\n<td><\/td>\n<td>To be determined<\/td>\n<\/tr>\n<\/tbody>\n<\/table>\n<h3>\u00c9l\u00e9mentaire IV (11+ year olds)<\/h3>\n<table style=\"height: 250px;\" width=\"796\">\n<thead>\n<tr>\n<th style=\"text-align: left;\" width=\"25%\">Basic training<\/th>\n<th width=\"12%\">Age<\/th>\n<th width=\"35%\">Schedule<\/th>\n<th>Monthly fee<\/th>\n<th>Annual fee<\/th>\n<\/tr>\n<\/thead>\n<tbody>\n<tr>\n<td>\u00c9l\u00e9mentaire IV Barre<\/td>\n<td>11+<\/td>\n<td>Tuesday 5:00 to 6:15 p.m.<\/td>\n<td>$105<\/td>\n<td>$840<\/td>\n<\/tr>\n<tr>\n<td>\u00c9l\u00e9mentaire IV Centre<\/td>\n<td>11+<\/td>\n<td>Thursday 5:00 to 6:15 p.m.<\/td>\n<td>$105<\/td>\n<td>$840<\/td>\n<\/tr>\n<tr>\n<td>\u00c9l\u00e9mentaire IV Pr\u00e9- pointes<\/td>\n<td>11+<\/td>\n<td>Tuesday 6:15 to 6:45 p.m.<\/td>\n<td>$42<\/td>\n<td>$336<\/td>\n<\/tr>\n<tr>\n<td>\u00c9l\u00e9mentaire IV Variation<\/td>\n<td>11+<\/td>\n<td>Thursday 6:15 to 6:45 p.m.<\/td>\n<td>$42<\/td>\n<td>$336<\/td>\n<\/tr>\n<\/tbody>\n<\/table>\n<table style=\"height: 189px;\" width=\"796\">\n<thead>\n<tr>\n<th style=\"text-align: left;\" width=\"25%\">Complimentary training<\/th>\n<th width=\"12%\"><\/th>\n<th width=\"35%\">Infos<\/th>\n<th><\/th>\n<th><\/th>\n<\/tr>\n<\/thead>\n<tbody>\n<tr>\n<td><a href=\"https:\/\/jedanse.ca\/en\/parcours-developpement-personnel-8-ans-et-plus\/atelier-contemporain\/\">Atelier contemporain<\/a><\/td>\n<td><\/td>\n<td>See link\u00a0\u2013 level to be determined<\/td>\n<td><\/td>\n<td><\/td>\n<\/tr>\n<tr>\n<td><a href=\"https:\/\/jedanse.ca\/en\/cours\/mise-en-forme-par-la-danse-adultes-aines-et-retraites\/danse-trapeze\/\">Danse trap\u00e8ze<\/a><\/td>\n<td><\/td>\n<td>See link\u00a0\u2013 level to be determined<\/td>\n<td><\/td>\n<td><\/td>\n<\/tr>\n<tr>\n<td><a href=\"https:\/\/jedanse.ca\/en\/parcours-developpement-personnel-8-ans-et-plus\/etirement-et-renforcement\/\">\u00c9tirement et renforcement<\/a><\/td>\n<td><\/td>\n<td>See link\u00a0\u2013 level to be determined<\/td>\n<td><\/td>\n<td><\/td>\n<\/tr>\n<\/tbody>\n<\/table>\n<table style=\"height: 118px;\" width=\"796\">\n<thead>\n<tr>\n<th style=\"text-align: left;\" width=\"25%\">Educational activities<\/th>\n<th width=\"12%\">Period<\/th>\n<th width=\"35%\">Comments<\/th>\n<th>Fees<\/th>\n<th><\/th>\n<\/tr>\n<\/thead>\n<tbody>\n<tr>\n<td>Open class<\/td>\n<td>January<\/td>\n<td>Ouvert au public<\/td>\n<td>Free<\/td>\n<td><\/td>\n<\/tr>\n<tr>\n<td>Evaluation<\/td>\n<td>May<\/td>\n<td>ESBQ or internal<\/td>\n<td>To be determined<\/td>\n<td><\/td>\n<\/tr>\n<tr>\n<td>Demonstration<\/td>\n<td>May<\/td>\n<td>Ouvert au public<\/td>\n<td>Free<\/td>\n<td><\/td>\n<\/tr>\n<\/tbody>\n<\/table>\n<table style=\"height: 142px;\" width=\"796\">\n<thead>\n<tr>\n<th style=\"text-align: left;\" width=\"25%\">Productions<\/th>\n<th width=\"12%\">Period<\/th>\n<th width=\"35%\">Comments<\/th>\n<th>Fees<\/th>\n<th><\/th>\n<\/tr>\n<\/thead>\n<tbody>\n<tr>\n<td>Parade<\/td>\n<td>March-April<\/td>\n<td><img decoding=\"async\" class=\"mwe-math-fallback-image-inline\" src=\"https:\/\/wikimedia.org\/api\/rest_v1\/media\/math\/render\/svg\/6f58f4c2b73283ce8a5ad28fb3746f2a8c998789\" alt=\"\\approx \" \/> 5 rehearsals (weekends)<\/td>\n<td>Included<\/td>\n<td><\/td>\n<\/tr>\n<tr>\n<td>Choreographic workshops<\/td>\n<td>February-April<\/td>\n<td><img decoding=\"async\" class=\"mwe-math-fallback-image-inline\" src=\"https:\/\/wikimedia.org\/api\/rest_v1\/media\/math\/render\/svg\/6f58f4c2b73283ce8a5ad28fb3746f2a8c998789\" alt=\"\\approx \" \/> 10 weeks of rehearsals (weekends)<\/td>\n<td>To be determined<\/td>\n<td><\/td>\n<\/tr>\n<\/tbody>\n<\/table>\n<table style=\"height: 95px;\" width=\"796\">\n<thead>\n<tr>\n<th style=\"text-align: left;\" width=\"25%\">Performance<\/th>\n<th width=\"12%\">Period<\/th>\n<th width=\"35%\">Comments<\/th>\n<th>Fees<\/th>\n<th><\/th>\n<\/tr>\n<\/thead>\n<tbody>\n<tr>\n<td><a href=\"https:\/\/jedanse.ca\/en\/animation-scolaire\/programmes\/rencontre-danse\/\">Rencontre danse<\/a><\/td>\n<td>April-May<\/td>\n<td>Open to school public<\/td>\n<td>To be determined<\/td>\n<td><\/td>\n<\/tr>\n<tr>\n<td><a href=\"https:\/\/jedanse.ca\/en\/spectacles\/tradition-et-innovation\/\">Spectacle b\u00e9n\u00e9fice<\/a><\/td>\n<td>April-May<\/td>\n<td>Open to general public<\/td>\n<td>To be determined<\/td>\n<td><\/td>\n<\/tr>\n<\/tbody>\n<\/table>\n<h3>Interm\u00e9diaire (12+ year olds)<\/h3>\n<table style=\"height: 247px;\" width=\"796\">\n<thead>\n<tr>\n<th style=\"text-align: left;\" width=\"25%\">Basic training<\/th>\n<th width=\"12%\">Age<\/th>\n<th width=\"35%\">Schedule<\/th>\n<th>Monthly fee<\/th>\n<th>Annual fee<\/th>\n<\/tr>\n<\/thead>\n<tbody>\n<tr>\n<td>Interm\u00e9diaire Mardi<\/td>\n<td>12+<\/td>\n<td>Tuesday 6:45 to 8:00 p.m.<\/td>\n<td>$105<\/td>\n<td>$840<\/td>\n<\/tr>\n<tr>\n<td>Interm\u00e9diaire Jeudi<\/td>\n<td>12+<\/td>\n<td>Thursday 6:45 to 8:00 p.m.<\/td>\n<td>$105<\/td>\n<td>$840<\/td>\n<\/tr>\n<tr>\n<td>Interm\u00e9diaire Pointes<\/td>\n<td>12+<\/td>\n<td>Tuesday 8:00 to 8:30 p.m.<\/td>\n<td>$42<\/td>\n<td>$336<\/td>\n<\/tr>\n<tr>\n<td>Interm\u00e9diaire Variation<\/td>\n<td>12+<\/td>\n<td>Thursday 8:00 to 8:30 p.m.<\/td>\n<td>$42<\/td>\n<td>$336<\/td>\n<\/tr>\n<\/tbody>\n<\/table>\n<table style=\"height: 189px;\" width=\"796\">\n<thead>\n<tr>\n<th style=\"text-align: left;\" width=\"25%\">Complimentary training<\/th>\n<th width=\"12%\"><\/th>\n<th width=\"35%\">Infos<\/th>\n<th><\/th>\n<th><\/th>\n<\/tr>\n<\/thead>\n<tbody>\n<tr>\n<td><a href=\"https:\/\/jedanse.ca\/en\/danse-contemporaine\/\">Danse moderne<\/a><\/td>\n<td><\/td>\n<td>See link\u00a0\u2013 level to be determined<\/td>\n<td><\/td>\n<td><\/td>\n<\/tr>\n<tr>\n<td><a href=\"https:\/\/jedanse.ca\/en\/cours\/mise-en-forme-par-la-danse-adultes-aines-et-retraites\/danse-trapeze\/\">Danse trap\u00e8ze<\/a><\/td>\n<td><\/td>\n<td>See link\u00a0\u2013 level to be determined<\/td>\n<td><\/td>\n<td><\/td>\n<\/tr>\n<tr>\n<td><a href=\"https:\/\/jedanse.ca\/en\/parcours-developpement-personnel-8-ans-et-plus\/etirement-et-renforcement\/\">\u00c9tirement et renforcement<\/a><\/td>\n<td><\/td>\n<td>See link\u00a0\u2013 level to be determined<\/td>\n<td><\/td>\n<td><\/td>\n<\/tr>\n<\/tbody>\n<\/table>\n<table style=\"height: 191px;\" width=\"796\">\n<thead>\n<tr>\n<th style=\"text-align: left;\" width=\"25%\">Educational activities<\/th>\n<th width=\"12%\">Period<\/th>\n<th width=\"35%\">Comments<\/th>\n<th>Fees<\/th>\n<th><\/th>\n<\/tr>\n<\/thead>\n<tbody>\n<tr>\n<td>Open class<\/td>\n<td>January<\/td>\n<td>Open to public<\/td>\n<td>Free<\/td>\n<td><\/td>\n<\/tr>\n<tr>\n<td>Evaluation<\/td>\n<td>May<\/td>\n<td>\u00a0ESBQ or internal<\/td>\n<td>To be determined<\/td>\n<td><\/td>\n<\/tr>\n<tr>\n<td>Demonstration<\/td>\n<td>May<\/td>\n<td>Open to public<\/td>\n<td>Free<\/td>\n<td><\/td>\n<\/tr>\n<\/tbody>\n<\/table>\n<table style=\"height: 135px;\" width=\"796\">\n<thead>\n<tr>\n<th style=\"text-align: left;\" width=\"25%\">Productions<\/th>\n<th width=\"12%\">Period<\/th>\n<th width=\"35%\">Comments<\/th>\n<th>Fees<\/th>\n<th><\/th>\n<\/tr>\n<\/thead>\n<tbody>\n<tr>\n<td>Parade<\/td>\n<td>March-April<\/td>\n<td><img decoding=\"async\" class=\"mwe-math-fallback-image-inline\" src=\"https:\/\/wikimedia.org\/api\/rest_v1\/media\/math\/render\/svg\/6f58f4c2b73283ce8a5ad28fb3746f2a8c998789\" alt=\"\\approx \" \/> 5 rehearsals (weekend)<\/td>\n<td>Included<\/td>\n<td><\/td>\n<\/tr>\n<tr>\n<td>Choreographic workshops<\/td>\n<td>February-April<\/td>\n<td><img decoding=\"async\" class=\"mwe-math-fallback-image-inline\" src=\"https:\/\/wikimedia.org\/api\/rest_v1\/media\/math\/render\/svg\/6f58f4c2b73283ce8a5ad28fb3746f2a8c998789\" alt=\"\\approx \" \/> 10 weeks of rehearsals (weekend)<\/td>\n<td>To be determined<\/td>\n<td><\/td>\n<\/tr>\n<\/tbody>\n<\/table>\n<table style=\"height: 87px;\" width=\"796\">\n<thead>\n<tr>\n<th style=\"text-align: left;\" width=\"25%\">Performances<\/th>\n<th width=\"12%\">Period<\/th>\n<th width=\"35%\">Comments<\/th>\n<th>Fees<\/th>\n<th><\/th>\n<\/tr>\n<\/thead>\n<tbody>\n<tr>\n<td><a href=\"https:\/\/jedanse.ca\/en\/animation-scolaire\/programmes\/rencontre-danse\/\">Rencontre danse<\/a><\/td>\n<td>April-May<\/td>\n<td>Open to school public<\/td>\n<td>To be determined<\/td>\n<td><\/td>\n<\/tr>\n<tr>\n<td><a href=\"https:\/\/jedanse.ca\/en\/spectacles\/tradition-et-innovation\/\">Spectacle b\u00e9n\u00e9fice<\/a><\/td>\n<td>April-May<\/td>\n<td>Open to general public<\/td>\n<td>To be determined<\/td>\n<td><\/td>\n<\/tr>\n<\/tbody>\n<\/table>\n<h5><strong>*GST and QST applicable for 15-year-olds and over only.<\/strong><\/h5>\n<h2><strong><br \/>\n<\/strong>Dress code<\/h2>\n<h4>\u00c9l\u00e9mentaire I and II<\/h4>\n<table style=\"height: 175px;\" width=\"500\">\n<thead>\n<tr>\n<th>Girls<\/th>\n<th>Boys<\/th>\n<\/tr>\n<\/thead>\n<tbody>\n<tr>\n<td>Navy leotard with 1 in. straps<\/td>\n<td>White leotard with 1 in. straps<\/td>\n<\/tr>\n<tr>\n<td>Convertible pink ballet tights<\/td>\n<td>Navy tights<\/td>\n<\/tr>\n<tr>\n<td>Pale pink canvas slippers<\/td>\n<td>White ankle socks<\/td>\n<\/tr>\n<tr>\n<td><\/td>\n<td>White canvas slippers<\/td>\n<\/tr>\n<tr>\n<td><\/td>\n<td>Dance belt (if needed)<\/td>\n<\/tr>\n<\/tbody>\n<\/table>\n<h4>\u00c9l\u00e9mentaire III, IV and Inter<\/h4>\n<table style=\"height: 178px;\" width=\"500\">\n<thead>\n<tr>\n<th>Girls<\/th>\n<th>Boys<\/th>\n<\/tr>\n<\/thead>\n<tbody>\n<tr>\n<td>Black leotard with thin straps<\/td>\n<td>White leotard with 1 in. straps<\/td>\n<\/tr>\n<tr>\n<td>Convertible pink ballet tights<\/td>\n<td>Navy blue tights<\/td>\n<\/tr>\n<tr>\n<td>Pale pink canvas slippers<\/td>\n<td>White ankle socks<\/td>\n<\/tr>\n<tr>\n<td><\/td>\n<td>White canvas slippers<\/td>\n<\/tr>\n<tr>\n<td><\/td>\n<td>Dance belt (if needed)<\/td>\n<\/tr>\n<\/tbody>\n<\/table>\n<ul>\n<li>Each item must be identified with the name of the person, be clean and in good condition.<\/li>\n<li>The slippers must be well fitted on the feet and be identified with the name of the person inside.<\/li>\n<li>Hair should be styled in a bun.<\/li>\n<li>Crocheted hairnets are not accepted.<\/li>\n<\/ul>\n","protected":false},"excerpt":{"rendered":"<p>Description Classical ballet Classical ballet comes from a long tradition; its practice focuses on acquiring techniques that primarily train the body to become a malleable and expressive instrument. The \u00c9l\u00e9mentaire levels allow students to learn the basic steps in classical ballet. Over a period of 4 to 6 years, students acquire basic knowledge of classical &hellip; <a href=\"https:\/\/jedanse.ca\/en\/cours\/formation-8-ans-et-plus\/danse-classique\/\">Continued<\/a><\/p>\n","protected":false},"author":4,"featured_media":0,"parent":2771,"menu_order":1,"comment_status":"closed","ping_status":"closed","template":"","meta":{"_acf_changed":false,"footnotes":""},"class_list":["post-2770","page","type-page","status-publish","hentry"],"acf":[],"_links":{"self":[{"href":"https:\/\/jedanse.ca\/en\/wp-json\/wp\/v2\/pages\/2770","targetHints":{"allow":["GET"]}}],"collection":[{"href":"https:\/\/jedanse.ca\/en\/wp-json\/wp\/v2\/pages"}],"about":[{"href":"https:\/\/jedanse.ca\/en\/wp-json\/wp\/v2\/types\/page"}],"author":[{"embeddable":true,"href":"https:\/\/jedanse.ca\/en\/wp-json\/wp\/v2\/users\/4"}],"replies":[{"embeddable":true,"href":"https:\/\/jedanse.ca\/en\/wp-json\/wp\/v2\/comments?post=2770"}],"version-history":[{"count":5,"href":"https:\/\/jedanse.ca\/en\/wp-json\/wp\/v2\/pages\/2770\/revisions"}],"predecessor-version":[{"id":3685,"href":"https:\/\/jedanse.ca\/en\/wp-json\/wp\/v2\/pages\/2770\/revisions\/3685"}],"up":[{"embeddable":true,"href":"https:\/\/jedanse.ca\/en\/wp-json\/wp\/v2\/pages\/2771"}],"wp:attachment":[{"href":"https:\/\/jedanse.ca\/en\/wp-json\/wp\/v2\/media?parent=2770"}],"curies":[{"name":"wp","href":"https:\/\/api.w.org\/{rel}","templated":true}]}}