{"id":2744,"date":"2015-08-24T07:28:09","date_gmt":"2015-08-24T07:28:09","guid":{"rendered":"https:\/\/jedanse.ca\/commentaires\/"},"modified":"2025-08-26T20:36:42","modified_gmt":"2025-08-26T20:36:42","slug":"commentaires","status":"publish","type":"page","link":"https:\/\/jedanse.ca\/en\/animation-scolaire\/commentaires\/","title":{"rendered":"Comments"},"content":{"rendered":"<hr \/>\n<h2>RENCONTRE-DANSE show<\/h2>\n<table class=\"simple\">\n<tbody>\n<tr>\n<td>Ce genre de spectacle devrait \u00eatre offert \u00e0 un plus grand nombre de jeunes pour, soit les initier ou encore, leur faire d\u00e9couvrir la danse moderne et classique comme activit\u00e9 culturelle.<\/td>\n<\/tr>\n<tr>\n<td>Le contenu du spectacle permettait de voir l&#8217;\u00e9volution dans l&#8217;apprentissage de la danse et aussi les diff\u00e9rents genres: classique et moderne. On passait de mouvements simples \u00e0 de plus complexes et l\u00e0 encore, cela a rejoint le public.<\/td>\n<\/tr>\n<tr>\n<td>L&#8217;animation et l&#8217;introduction de chaque chor\u00e9graphie faite aupr\u00e8s des \u00e9l\u00e8ves est tr\u00e8s importante et surtout bien dirig\u00e9e. Vous avez utilis\u00e9 une approche question-r\u00e9ponse et les enfants ont bien r\u00e9agi. Ils se sont montr\u00e9s int\u00e9ress\u00e9s et la participation a \u00e9t\u00e9 tr\u00e8s bonne.<\/td>\n<\/tr>\n<tr>\n<td>Ce mode de pr\u00e9sentation donne des points de rep\u00e8re aux enfants qui peuvent alors mieux appr\u00e9cier ce qui leur est pr\u00e9sent\u00e9.<\/td>\n<\/tr>\n<tr>\n<td>J&#8217;esp\u00e8re \u00eatre \u00e0 nouveau des v\u00f4tres l&#8217;an prochain.<\/td>\n<\/tr>\n<tr>\n<td>Gatineau, mai 2013<\/td>\n<\/tr>\n<\/tbody>\n<\/table>\n<p>Bonjour,<\/p>\n<p>Au printemps 2013, une responsable de l\u2019Acad\u00e9mie de danse de l\u2019Outaouais est venue donner des ateliers aux \u00e9l\u00e8ves de 2e et 3e cycle de l\u2019\u00c9cole du Marais.<\/p>\n<p>Apr\u00e8s un sondage men\u00e9 aupr\u00e8s de plusieurs \u00e9l\u00e8ves et enseignants, nous pouvons affirmer sans l\u2019ombre d\u2019un doute que l\u2019activit\u00e9 fut un succ\u00e8s. De fa\u00e7on unanime, les personnes interrog\u00e9es ont dit avoir appr\u00e9ci\u00e9 la qualit\u00e9 des chor\u00e9graphies propos\u00e9es, la clart\u00e9 des consignes donn\u00e9es aux jeunes et le dynamisme de la responsable. De plus, il est ressorti chez plusieurs que l\u2019activit\u00e9 permettait aux jeunes d\u2019interagir de fa\u00e7on positive entre eux.<\/p>\n<p>C\u2019est donc sans h\u00e9sitation que nous pouvons recommander \u00e0 d\u2019autres \u00e9coles de faire appel \u00e0 vos services pour organiser des ateliers de danse.<\/p>\n<p>En vous remerciant de nous avoir permis de vivre une si belle exp\u00e9rience. Martin Auger, directeur adjoint, \u00c9cole Du Marais<\/p>\n","protected":false},"excerpt":{"rendered":"<p>RENCONTRE-DANSE show Ce genre de spectacle devrait \u00eatre offert \u00e0 un plus grand nombre de jeunes pour, soit les initier ou encore, leur faire d\u00e9couvrir la danse moderne et classique comme activit\u00e9 culturelle. Le contenu du spectacle permettait de voir l&#8217;\u00e9volution dans l&#8217;apprentissage de la danse et aussi les diff\u00e9rents genres: classique et moderne. On &hellip; <a href=\"https:\/\/jedanse.ca\/en\/animation-scolaire\/commentaires\/\">Continued<\/a><\/p>\n","protected":false},"author":4,"featured_media":0,"parent":2749,"menu_order":4,"comment_status":"closed","ping_status":"closed","template":"","meta":{"_acf_changed":false,"footnotes":""},"class_list":["post-2744","page","type-page","status-publish","hentry"],"acf":[],"_links":{"self":[{"href":"https:\/\/jedanse.ca\/en\/wp-json\/wp\/v2\/pages\/2744","targetHints":{"allow":["GET"]}}],"collection":[{"href":"https:\/\/jedanse.ca\/en\/wp-json\/wp\/v2\/pages"}],"about":[{"href":"https:\/\/jedanse.ca\/en\/wp-json\/wp\/v2\/types\/page"}],"author":[{"embeddable":true,"href":"https:\/\/jedanse.ca\/en\/wp-json\/wp\/v2\/users\/4"}],"replies":[{"embeddable":true,"href":"https:\/\/jedanse.ca\/en\/wp-json\/wp\/v2\/comments?post=2744"}],"version-history":[{"count":1,"href":"https:\/\/jedanse.ca\/en\/wp-json\/wp\/v2\/pages\/2744\/revisions"}],"predecessor-version":[{"id":3306,"href":"https:\/\/jedanse.ca\/en\/wp-json\/wp\/v2\/pages\/2744\/revisions\/3306"}],"up":[{"embeddable":true,"href":"https:\/\/jedanse.ca\/en\/wp-json\/wp\/v2\/pages\/2749"}],"wp:attachment":[{"href":"https:\/\/jedanse.ca\/en\/wp-json\/wp\/v2\/media?parent=2744"}],"curies":[{"name":"wp","href":"https:\/\/api.w.org\/{rel}","templated":true}]}}