{"id":2742,"date":"2015-08-24T07:29:26","date_gmt":"2015-08-24T07:29:26","guid":{"rendered":"https:\/\/jedanse.ca\/inscription-en-ligne\/"},"modified":"2025-08-26T20:39:43","modified_gmt":"2025-08-26T20:39:43","slug":"inscription-en-ligne","status":"publish","type":"page","link":"https:\/\/jedanse.ca\/en\/inscription\/inscription-en-ligne\/","title":{"rendered":"Online Registration"},"content":{"rendered":"<hr \/>\n<p>It is now possible to register for regular classes at the Acad\u00e9mie via the Internet!<\/p>\n<p>To do so, complete the form below and we will contact you to confirm the class selection and schedule. You can also reserve your registration in person or by phone at 819-243-1726.<\/p>\n<p>Here are some details about the terms and conditions:<\/p>\n<ul>\n<li><a name=\"_Toc106175390\"><\/a>The season consists of 32 weeks, from September to May;<\/li>\n<li>There is a $50 registration fee;<\/li>\n<li>Class payments are due on the 10th of each month, by E-Transfers, in cash or by check made out to ADO;<\/li>\n<li>A copy of the contract, which must be signed by both parties, will be given to you;<\/li>\n<li>For the 2nd child of the same family, under the age of 16, the registration fee is $30 and we apply a 10% discount on course fees.<\/li>\n<\/ul>\n<p>NB: It is also possible to register online for the Camp d\u2019\u00e9t\u00e9 qui danse (Dance summer camp). Camp registrations begin in January for activities taking place in July and August.<\/p>\n<h2>Registration Form<\/h2>\n\n<div class=\"wpcf7 no-js\" id=\"wpcf7-f410-o1\" lang=\"\" dir=\"ltr\" data-wpcf7-id=\"410\">\n<div class=\"screen-reader-response\"><p role=\"status\" aria-live=\"polite\" aria-atomic=\"true\"><\/p> <ul><\/ul><\/div>\n<form action=\"\/en\/wp-json\/wp\/v2\/pages\/2742#wpcf7-f410-o1\" method=\"post\" class=\"wpcf7-form init\" aria-label=\"Contact form\" novalidate=\"novalidate\" data-status=\"init\">\n<fieldset class=\"hidden-fields-container\"><input type=\"hidden\" name=\"_wpcf7\" value=\"410\" \/><input type=\"hidden\" name=\"_wpcf7_version\" value=\"6.1.5\" \/><input type=\"hidden\" name=\"_wpcf7_locale\" value=\"\" \/><input type=\"hidden\" name=\"_wpcf7_unit_tag\" value=\"wpcf7-f410-o1\" \/><input type=\"hidden\" name=\"_wpcf7_container_post\" value=\"0\" \/><input type=\"hidden\" name=\"_wpcf7_posted_data_hash\" value=\"\" \/><input type=\"hidden\" name=\"_wpcf7_recaptcha_response\" value=\"\" \/>\n<\/fieldset>\n<div class=\"form-registration\">\n\n<br>\n\n<h3>\u00e9l\u00e8ve<\/h3>\n\n<label for=\"\">Pr\u00e9nom<\/label>\n<span class=\"wpcf7-form-control-wrap\" data-name=\"fname\"><input size=\"40\" maxlength=\"400\" class=\"wpcf7-form-control wpcf7-text\" aria-invalid=\"false\" value=\"\" type=\"text\" name=\"fname\" \/><\/span>\n\n<label for=\"\">Nom<\/label>\n<span class=\"wpcf7-form-control-wrap\" data-name=\"lname\"><input size=\"40\" maxlength=\"400\" class=\"wpcf7-form-control wpcf7-text\" aria-invalid=\"false\" value=\"\" type=\"text\" name=\"lname\" \/><\/span>\n\n<label for=\"\">Date de naissance (AAAA\/MM\/JJ)<\/label>\n<span class=\"wpcf7-form-control-wrap\" data-name=\"date\"><input size=\"40\" maxlength=\"400\" class=\"wpcf7-form-control wpcf7-text\" aria-invalid=\"false\" value=\"\" type=\"text\" name=\"date\" \/><\/span>\n\n<label for=\"\">\u00c2ge<\/label>\n<span class=\"wpcf7-form-control-wrap\" data-name=\"age\"><input size=\"40\" maxlength=\"400\" class=\"wpcf7-form-control wpcf7-text\" aria-invalid=\"false\" value=\"\" type=\"text\" name=\"age\" \/><\/span>\n\n<label for=\"\">Niveau scolaire de l\u2019\u00e9l\u00e8ve<\/label>\n<span class=\"wpcf7-form-control-wrap\" data-name=\"graduate\"><input size=\"40\" maxlength=\"400\" class=\"wpcf7-form-control wpcf7-text\" aria-invalid=\"false\" value=\"\" type=\"text\" name=\"graduate\" \/><\/span>\n\n<label for=\"\">\u00c9cole acad\u00e9mique<\/label>\n<span class=\"wpcf7-form-control-wrap\" data-name=\"academic_school\"><input size=\"40\" maxlength=\"400\" class=\"wpcf7-form-control wpcf7-text\" aria-invalid=\"false\" value=\"\" type=\"text\" name=\"academic_school\" \/><\/span>\n\n<br>\n\n<h3>Coordonn\u00e9es<\/h3>\n<label for=\"\">Adresse<\/label>\n<span class=\"wpcf7-form-control-wrap\" data-name=\"address\"><input size=\"40\" maxlength=\"400\" class=\"wpcf7-form-control wpcf7-text\" aria-invalid=\"false\" value=\"\" type=\"text\" name=\"address\" \/><\/span>\n\n<label for=\"\">Ville<\/label>\n<span class=\"wpcf7-form-control-wrap\" data-name=\"city\"><input size=\"40\" maxlength=\"400\" class=\"wpcf7-form-control wpcf7-text\" aria-invalid=\"false\" value=\"\" type=\"text\" name=\"city\" \/><\/span>\n\n<label for=\"\">Province<\/label>\n<span class=\"wpcf7-form-control-wrap\" data-name=\"region\"><input size=\"40\" maxlength=\"400\" class=\"wpcf7-form-control wpcf7-text\" aria-invalid=\"false\" value=\"\" type=\"text\" name=\"region\" \/><\/span>\n\n<label for=\"\">Code postal<\/label>\n<span class=\"wpcf7-form-control-wrap\" data-name=\"zip\"><input size=\"40\" maxlength=\"400\" class=\"wpcf7-form-control wpcf7-text\" aria-invalid=\"false\" value=\"\" type=\"text\" name=\"zip\" \/><\/span>\n\n<br>\n\n<h3>personne responsable<\/h3>\nM\u00e8re<br>\n<label for=\"\">Nom et pr\u00e9nom<\/label>\n<span class=\"wpcf7-form-control-wrap\" data-name=\"mother_name\"><input size=\"40\" maxlength=\"400\" class=\"wpcf7-form-control wpcf7-text\" aria-invalid=\"false\" value=\"\" type=\"text\" name=\"mother_name\" \/><\/span>\n\n<br>\n\nP\u00e8re<br>\n<label for=\"\">Nom et pr\u00e9nom<\/label>\n<span class=\"wpcf7-form-control-wrap\" data-name=\"father_name\"><input size=\"40\" maxlength=\"400\" class=\"wpcf7-form-control wpcf7-text\" aria-invalid=\"false\" value=\"\" type=\"text\" name=\"father_name\" \/><\/span>\n\n\n<br>\n<h3>Les coordonn\u00e9es de la personne responsable<\/h3>\n\n<label for=\"\">Courriel principal<\/label>\n<span class=\"wpcf7-form-control-wrap\" data-name=\"father_email\"><input size=\"40\" maxlength=\"400\" class=\"wpcf7-form-control wpcf7-email wpcf7-validates-as-required wpcf7-text wpcf7-validates-as-email\" aria-required=\"true\" aria-invalid=\"false\" value=\"\" type=\"email\" name=\"father_email\" \/><\/span>\n<label for=\"\">Courriel secondaire<\/label>\n<span class=\"wpcf7-form-control-wrap\" data-name=\"mother_email\"><input size=\"40\" maxlength=\"400\" class=\"wpcf7-form-control wpcf7-email wpcf7-text wpcf7-validates-as-email\" aria-invalid=\"false\" value=\"\" type=\"email\" name=\"mother_email\" \/><\/span>\n<label for=\"\">Num\u00e9ro de t\u00e9l\u00e9phone principal<\/label>\n<span class=\"wpcf7-form-control-wrap\" data-name=\"tel\"><input size=\"40\" maxlength=\"400\" class=\"wpcf7-form-control wpcf7-tel wpcf7-validates-as-required wpcf7-text wpcf7-validates-as-tel\" aria-required=\"true\" aria-invalid=\"false\" value=\"\" type=\"tel\" name=\"tel\" \/><\/span>\n<label for=\"\">Num\u00e9ro de t\u00e9l\u00e9phone secondaire<\/label>\n<span class=\"wpcf7-form-control-wrap\" data-name=\"father_tel1\"><input size=\"40\" maxlength=\"400\" class=\"wpcf7-form-control wpcf7-tel wpcf7-text wpcf7-validates-as-tel\" aria-invalid=\"false\" value=\"\" type=\"tel\" name=\"father_tel1\" \/><\/span>\n\n<br>\n\n<h3>cours<\/h3>\n\n<p>Veuillez inscrire les cours compl\u00e9mentaires de votre choix.(S'adresse aux \u00e9l\u00e8ves \u00e0 partir de 8 ans)<\/p>\n\n\n<label for=\"\">Cours compl\u00e9mentaire 1<\/label>\n<span class=\"wpcf7-form-control-wrap\" data-name=\"course1\"><input size=\"40\" maxlength=\"400\" class=\"wpcf7-form-control wpcf7-text wpcf7-validates-as-required\" aria-required=\"true\" aria-invalid=\"false\" value=\"\" type=\"text\" name=\"course1\" \/><\/span>\n\n<label for=\"\">Cours compl\u00e9mentaire 2<\/label>\n<span class=\"wpcf7-form-control-wrap\" data-name=\"course2\"><input size=\"40\" maxlength=\"400\" class=\"wpcf7-form-control wpcf7-text\" aria-invalid=\"false\" value=\"\" type=\"text\" name=\"course2\" \/><\/span>\n\n<label for=\"\">Cours compl\u00e9mentaire 3<\/label>\n<span class=\"wpcf7-form-control-wrap\" data-name=\"course3\"><input size=\"40\" maxlength=\"400\" class=\"wpcf7-form-control wpcf7-text\" aria-invalid=\"false\" value=\"\" type=\"text\" name=\"course3\" \/><\/span>\n\n<label for=\"\">Cours compl\u00e9mentaire 4<\/label>\n<span class=\"wpcf7-form-control-wrap\" data-name=\"course4\"><input size=\"40\" maxlength=\"400\" class=\"wpcf7-form-control wpcf7-text\" aria-invalid=\"false\" value=\"\" type=\"text\" name=\"course4\" \/><\/span>\n\n<label for=\"\">Cours compl\u00e9mentaire 5<\/label>\n<span class=\"wpcf7-form-control-wrap\" data-name=\"course5\"><input size=\"40\" maxlength=\"400\" class=\"wpcf7-form-control wpcf7-text\" aria-invalid=\"false\" value=\"\" type=\"text\" name=\"course5\" \/><\/span>\n\n<label for=\"\">Cours compl\u00e9mentaire 6<\/label>\n<span class=\"wpcf7-form-control-wrap\" data-name=\"course6\"><input size=\"40\" maxlength=\"400\" class=\"wpcf7-form-control wpcf7-text\" aria-invalid=\"false\" value=\"\" type=\"text\" name=\"course6\" \/><\/span>\n\n<br>\n\n<h3>source<\/h3>\n<label for=\"\">Comment avez-vous connu l\u2019\u00e9cole ?<\/label>\n<span class=\"wpcf7-form-control-wrap\" data-name=\"comment\"><select class=\"wpcf7-form-control wpcf7-select\" aria-invalid=\"false\" name=\"comment\"><option value=\"\">&#8212;Please choose an option&#8212;<\/option><option value=\"Internet\">Internet<\/option><option value=\"Ami\/Famille\">Ami\/Famille<\/option><option value=\"D\u00e9pliant\">D\u00e9pliant<\/option><option value=\"Portes ouvertes\">Portes ouvertes<\/option><option value=\"Spectacle\">Spectacle<\/option><option value=\"Maison de la culture\">Maison de la culture<\/option><option value=\"Programme municipal\">Programme municipal<\/option><option value=\"Publicit\u00e9 journaux\">Publicit\u00e9 journaux<\/option><option value=\"Publicit\u00e9 radio\">Publicit\u00e9 radio<\/option><option value=\"Publicit\u00e9 t\u00e9l\u00e9vision\">Publicit\u00e9 t\u00e9l\u00e9vision<\/option><option value=\"Publicit\u00e9 abribus\">Publicit\u00e9 abribus<\/option><option value=\"Publicit\u00e9 autobus\">Publicit\u00e9 autobus<\/option><\/select><\/span>\n\n<label for=\"\">Autre<\/label>\n<span class=\"wpcf7-form-control-wrap\" data-name=\"other\"><input size=\"40\" maxlength=\"400\" class=\"wpcf7-form-control wpcf7-text\" aria-invalid=\"false\" value=\"\" type=\"text\" name=\"other\" \/><\/span>\n\n<br>\n\n<span style=\"color:#962356\" >\nVeuillez relire attentivement les renseignements inscrits dans le formulaire. En cliquant sur \u00ab envoi de l\u2019inscription \u00bb, le formulaire sera envoy\u00e9 imm\u00e9diatement. Vous ne pourrez pas effectuer de modifications par la suite.<\/span>\n\n<br><br>\n\n<h2>R\u00e8glements<\/h2>\n\n<br>\n\nAssurez-vous de bien lire les r\u00e8glements de l\u2019\u00e9cole.\n\n<br><br>\n\n<h3>R\u00c8GLES G\u00c9N\u00c9RALES<\/h3>\nLa ponctualit\u00e9 est exig\u00e9e. Apr\u00e8s un retard important (cinq minutes), l\u2019\u00e9l\u00e8ve pourra seulement observer la classe et ce, pour la s\u00e9curit\u00e9 de l\u2019\u00e9l\u00e8ve et pour l\u2019inciter \u00e0 d\u00e9velopper une approche s\u00e9rieuse \u00e0 l\u2019entra\u00eenement. J\u2019ai bien pris connaissance des r\u00e8glements de l\u2019Acad\u00e9mie de danse de l\u2019Outaouais.\n<label for=\"acceptance1\" class=\"checkbox\"><span class=\"wpcf7-form-control-wrap\" data-name=\"acceptance1\"><span class=\"wpcf7-form-control wpcf7-acceptance\"><span class=\"wpcf7-list-item\"><input type=\"checkbox\" name=\"acceptance1\" value=\"1\" id=\"acceptance1\" aria-invalid=\"false\" \/><\/span><\/span><\/span> Je confirme<\/label>\n\n<br>\n\n<h3>cession de droit<\/h3>\nPar la pr\u00e9sente, j\u2019accorde \u00e0 titre gratuit, \u00e0 l\u2019Acad\u00e9mie de danse de l\u2019Outaouais, le droit d\u2019utilisation pour fin de promotion de toutes les photos et des vid\u00e9os pris en studio ou sur sc\u00e8ne, dans lesquels mon enfant ou moi-m\u00eame pouvons \u00eatre vus.\n<label for=\"acceptance2\" class=\"checkbox\"><span class=\"wpcf7-form-control-wrap\" data-name=\"acceptance2\"><span class=\"wpcf7-form-control wpcf7-acceptance\"><span class=\"wpcf7-list-item\"><input type=\"checkbox\" name=\"acceptance2\" value=\"1\" id=\"acceptance2\" aria-invalid=\"false\" \/><\/span><\/span><\/span> Je confirme<\/label>\n\n<br>\n\n<h3>D\u00c9GAGEMENT DANSE TRAP\u00c8ZE<\/h3>\nPar la pr\u00e9sente, je reconnais que l'Acad\u00e9mie de danse de l'Outaouais et son personnel enseignant ne pourront en aucun cas \u00eatre tenus responsables pour tout incident ou accident pouvant survenir lors des cours et pr\u00e9sentations publiques de danse sur trap\u00e8ze, \u00e9tant conscient qu'une activit\u00e9 physique de ce genre implique certains risques.\n<label for=\"acceptance3\" class=\"checkbox\"><span class=\"wpcf7-form-control-wrap\" data-name=\"acceptance3\"><span class=\"wpcf7-form-control wpcf7-acceptance\"><span class=\"wpcf7-list-item\"><input type=\"checkbox\" name=\"acceptance3\" value=\"1\" id=\"acceptance3\" aria-invalid=\"false\" \/><\/span><\/span><\/span> Je confirme<\/label>\n\n<br>\n\n<h3>ACCORD R\u00c9CEPTION DE COURRIELS<\/h3>\nPar la pr\u00e9sente, j'accepte de recevoir de la part de l'Acad\u00e9mie des courriels de communication interne et, occasionnellement, des messages \u00e9lectroniques commerciaux.\n<label for=\"acceptance4\" class=\"checkbox\"><span class=\"wpcf7-form-control-wrap\" data-name=\"acceptance4\"><span class=\"wpcf7-form-control wpcf7-acceptance\"><span class=\"wpcf7-list-item\"><input type=\"checkbox\" name=\"acceptance4\" value=\"1\" id=\"acceptance4\" aria-invalid=\"false\" \/><\/span><\/span><\/span> Je confirme<\/label>\n\n<br><br>\n\n<input class=\"wpcf7-form-control wpcf7-submit has-spinner\" type=\"submit\" value=\"ENVOYER\" \/>\n<\/div><input type='hidden' class='wpcf7-pum' value='{\"closepopup\":false,\"closedelay\":0,\"openpopup\":false,\"openpopup_id\":0}' \/><div class=\"wpcf7-response-output\" aria-hidden=\"true\"><\/div>\n<\/form>\n<\/div>\n\n","protected":false},"excerpt":{"rendered":"<p>It is now possible to register for regular classes at the Acad\u00e9mie via the Internet! To do so, complete the form below and we will contact you to confirm the class selection and schedule. You can also reserve your registration in person or by phone at 819-243-1726. Here are some details about the terms and &hellip; <a href=\"https:\/\/jedanse.ca\/en\/inscription\/inscription-en-ligne\/\">Continued<\/a><\/p>\n","protected":false},"author":4,"featured_media":0,"parent":2743,"menu_order":1,"comment_status":"closed","ping_status":"closed","template":"","meta":{"_acf_changed":false,"footnotes":""},"class_list":["post-2742","page","type-page","status-publish","hentry"],"acf":[],"_links":{"self":[{"href":"https:\/\/jedanse.ca\/en\/wp-json\/wp\/v2\/pages\/2742","targetHints":{"allow":["GET"]}}],"collection":[{"href":"https:\/\/jedanse.ca\/en\/wp-json\/wp\/v2\/pages"}],"about":[{"href":"https:\/\/jedanse.ca\/en\/wp-json\/wp\/v2\/types\/page"}],"author":[{"embeddable":true,"href":"https:\/\/jedanse.ca\/en\/wp-json\/wp\/v2\/users\/4"}],"replies":[{"embeddable":true,"href":"https:\/\/jedanse.ca\/en\/wp-json\/wp\/v2\/comments?post=2742"}],"version-history":[{"count":1,"href":"https:\/\/jedanse.ca\/en\/wp-json\/wp\/v2\/pages\/2742\/revisions"}],"predecessor-version":[{"id":3309,"href":"https:\/\/jedanse.ca\/en\/wp-json\/wp\/v2\/pages\/2742\/revisions\/3309"}],"up":[{"embeddable":true,"href":"https:\/\/jedanse.ca\/en\/wp-json\/wp\/v2\/pages\/2743"}],"wp:attachment":[{"href":"https:\/\/jedanse.ca\/en\/wp-json\/wp\/v2\/media?parent=2742"}],"curies":[{"name":"wp","href":"https:\/\/api.w.org\/{rel}","templated":true}]}}