{"id":2740,"date":"2015-08-24T07:30:29","date_gmt":"2015-08-24T07:30:29","guid":{"rendered":"https:\/\/jedanse.ca\/videos\/"},"modified":"2025-08-27T14:46:16","modified_gmt":"2025-08-27T14:46:16","slug":"videos","status":"publish","type":"page","link":"https:\/\/jedanse.ca\/en\/videos\/","title":{"rendered":"Videos"},"content":{"rendered":"<p style=\"text-align: center;\">We invite you to consult all our videos via our <span style=\"color: #800080;\"><a style=\"color: #800080;\" href=\"https:\/\/www.youtube.com\/user\/AcadDanseOutaouais#p\/u\/0\/gTe-xLnMI_A\" target=\"_blank\" rel=\"noopener noreferrer\">YouTube account<\/a><\/span>.<\/p>\n<h3 style=\"text-align: center;\">Soir\u00e9e b\u00e9n\u00e9fice 2017 &#8211; J&#8217;apprends, je cr\u00e9e, j&#8217;exprime, je danse<\/h3>\n<p><iframe loading=\"lazy\" title=\"J&#039;apprends, je cr\u00e9e, j&#039;exprime, je danse. - 2017\" width=\"1140\" height=\"641\" src=\"https:\/\/www.youtube.com\/embed\/Dm97xHsCmQI?feature=oembed\" frameborder=\"0\" allow=\"accelerometer; autoplay; clipboard-write; encrypted-media; gyroscope; picture-in-picture; web-share\" referrerpolicy=\"strict-origin-when-cross-origin\" allowfullscreen><\/iframe><\/p>\n","protected":false},"excerpt":{"rendered":"<p>We invite you to consult all our videos via our YouTube account. Soir\u00e9e b\u00e9n\u00e9fice 2017 &#8211; J&#8217;apprends, je cr\u00e9e, j&#8217;exprime, je danse<\/p>\n","protected":false},"author":4,"featured_media":0,"parent":0,"menu_order":8,"comment_status":"closed","ping_status":"closed","template":"","meta":{"_acf_changed":false,"footnotes":""},"class_list":["post-2740","page","type-page","status-publish","hentry"],"acf":[],"_links":{"self":[{"href":"https:\/\/jedanse.ca\/en\/wp-json\/wp\/v2\/pages\/2740","targetHints":{"allow":["GET"]}}],"collection":[{"href":"https:\/\/jedanse.ca\/en\/wp-json\/wp\/v2\/pages"}],"about":[{"href":"https:\/\/jedanse.ca\/en\/wp-json\/wp\/v2\/types\/page"}],"author":[{"embeddable":true,"href":"https:\/\/jedanse.ca\/en\/wp-json\/wp\/v2\/users\/4"}],"replies":[{"embeddable":true,"href":"https:\/\/jedanse.ca\/en\/wp-json\/wp\/v2\/comments?post=2740"}],"version-history":[{"count":3,"href":"https:\/\/jedanse.ca\/en\/wp-json\/wp\/v2\/pages\/2740\/revisions"}],"predecessor-version":[{"id":3330,"href":"https:\/\/jedanse.ca\/en\/wp-json\/wp\/v2\/pages\/2740\/revisions\/3330"}],"wp:attachment":[{"href":"https:\/\/jedanse.ca\/en\/wp-json\/wp\/v2\/media?parent=2740"}],"curies":[{"name":"wp","href":"https:\/\/api.w.org\/{rel}","templated":true}]}}