{"id":2739,"date":"2015-08-24T07:32:55","date_gmt":"2015-08-24T07:32:55","guid":{"rendered":"https:\/\/jedanse.ca\/lacademie\/"},"modified":"2026-02-03T20:15:00","modified_gmt":"2026-02-03T20:15:00","slug":"lacademie","status":"publish","type":"page","link":"https:\/\/jedanse.ca\/en\/lacademie\/","title":{"rendered":"L\u2019ACAD\u00c9MIE"},"content":{"rendered":"\n<hr class=\"wp-block-separator has-alpha-channel-opacity\"\/>\n\n\n<div class=\"container\">\n<h2>About us<\/h2>\n<p>The Acad\u00e9mie de danse de l\u2019Outaouais very humbly marked its beginnings in September 1979. Sponsored by a group of parents concerned with the quality and well-being of the youths, the Acad\u00e9mie was given the mandate of disseminating a teaching of quality and of developing dance in the Outaouais region.<\/p>\n<p>Under the direction of Mr. Andr\u00e9 Laprise, a graduate of the \u00c9cole sup\u00e9rieure des Grands Ballets Canadiens, the Acad\u00e9mie has earned an enviable reputation and recognition from different environments over the years.<\/p>\n<p>July 1984 led to the creation of the Camp d\u2019\u00e9t\u00e9 qui danse, which very quickly attracted attention for its originality and the exceptional quality of its performances. This camp, combining dance and the outdoors, received several hundred students from Quebec, Ontario, New Brunswick and occasionally the United States. In July 2006, the relocation of summer activities to an urban setting made it possible to offer the Stage intensif and, in August 2007, the Troupe de danse estivale. Since 2012, the Galerie-danse and Danse en Danse camps are completing the program.<\/p>\n<p>May 1986 brought the holding of the first Extravadanse gala, a formula that would be repeated in 1987 and 1988. Building on this experience, the Acad\u00e9mie has been organizing an annual benefit evening since 1990, which is now aimed at a very large audience. Since 2000, there have been performances added for schoolchildren.<\/p>\n<p>More than 1,000 spectators annually attend the various public events presented by the Acad\u00e9mie. Since its inception, the Acad\u00e9mie de danse de l\u2019Outaouais has welcomed and trained more than 4,000 students.<\/p>\n<p>\u00a0<\/p>\n<p>To learn more about l&#8217;Acad\u00e9mie, <a href=\"https:\/\/jedanse.ca\/en\/lacademie\/historique\/\">click here<\/a>.<\/p>\n<\/div>\n\n\n<p><\/p>\n","protected":false},"excerpt":{"rendered":"<p>About us The Acad\u00e9mie de danse de l\u2019Outaouais very humbly marked its beginnings in September 1979. Sponsored by a group of parents concerned with the quality and well-being of the youths, the Acad\u00e9mie was given the mandate of disseminating a teaching of quality and of developing dance in the Outaouais region. Under the direction of &hellip; <a href=\"https:\/\/jedanse.ca\/en\/lacademie\/\">Continued<\/a><\/p>\n","protected":false},"author":4,"featured_media":0,"parent":0,"menu_order":2,"comment_status":"closed","ping_status":"closed","template":"","meta":{"_acf_changed":false,"footnotes":""},"class_list":["post-2739","page","type-page","status-publish","hentry"],"acf":[],"_links":{"self":[{"href":"https:\/\/jedanse.ca\/en\/wp-json\/wp\/v2\/pages\/2739","targetHints":{"allow":["GET"]}}],"collection":[{"href":"https:\/\/jedanse.ca\/en\/wp-json\/wp\/v2\/pages"}],"about":[{"href":"https:\/\/jedanse.ca\/en\/wp-json\/wp\/v2\/types\/page"}],"author":[{"embeddable":true,"href":"https:\/\/jedanse.ca\/en\/wp-json\/wp\/v2\/users\/4"}],"replies":[{"embeddable":true,"href":"https:\/\/jedanse.ca\/en\/wp-json\/wp\/v2\/comments?post=2739"}],"version-history":[{"count":5,"href":"https:\/\/jedanse.ca\/en\/wp-json\/wp\/v2\/pages\/2739\/revisions"}],"predecessor-version":[{"id":3547,"href":"https:\/\/jedanse.ca\/en\/wp-json\/wp\/v2\/pages\/2739\/revisions\/3547"}],"wp:attachment":[{"href":"https:\/\/jedanse.ca\/en\/wp-json\/wp\/v2\/media?parent=2739"}],"curies":[{"name":"wp","href":"https:\/\/api.w.org\/{rel}","templated":true}]}}