{"id":2720,"date":"2025-01-03T16:57:55","date_gmt":"2025-01-03T16:57:55","guid":{"rendered":"https:\/\/jedanse.ca\/troupe-de-danse\/"},"modified":"2025-11-25T16:12:08","modified_gmt":"2025-11-25T16:12:08","slug":"troupe-de-danse","status":"publish","type":"page","link":"https:\/\/jedanse.ca\/en\/troupe-de-danse\/","title":{"rendered":"Troupe de danse"},"content":{"rendered":"\n<hr class=\"wp-block-separator has-css-opacity\"\/>\n\n\n\n<h2 class=\"wp-block-heading\">Description<\/h2>\n\n\n\n<p>La&nbsp;<em>Galerie danse&nbsp;<\/em>c\u2019est un entra\u00eenement en danse classique et en danse moderne, des ateliers en cr\u00e9ation, du travail personnel en studio ou sur sc\u00e8ne et un spectacle \u00ab&nbsp;vernissage&nbsp;\u00bb devant public.<\/p>\n\n\n\n<p>La&nbsp;<em>Galerie danse<\/em>&nbsp;offre aux 12 \u00e0 17 ans une exp\u00e9rience pratique pour d\u00e9couvrir l\u2019expression, la cr\u00e9ation et mettre ainsi en valeur son potentiel et une exp\u00e9rience de sc\u00e8ne unique. Ce projet novateur permet un riche partage de connaissances entre \u00e9l\u00e8ves et ma\u00eetres.<\/p>\n\n\n\n<p>Pr\u00e9 requis : Conditionnel \u00e0 la participation \u00e0 Galerie danse<\/p>\n\n\n\n<p>T\u00e9l\u00e9chargez la description compl\u00e8te ici.<\/p>\n\n\n\n<h2 class=\"wp-block-heading\">P\u00e9riode vis\u00e9e<\/h2>\n\n\n\n<figure class=\"wp-block-table\"><table><tbody><tr><td>Troupe: 10 au 14 ao\u00fbt 2026<\/td><\/tr><\/tbody><\/table><\/figure>\n\n\n\n<h2 class=\"wp-block-heading\">Contenu projet\u00e9<\/h2>\n\n\n\n<figure class=\"wp-block-table\"><table><tbody><tr><td>Entrainement en danse classique et en danse contemporaine<\/td><\/tr><tr><td>Apprentissage de r\u00e9pertoire classique ou contemporain<\/td><\/tr><tr><td>Cr\u00e9ation originale en classique ou contemporaine, encadrement, r\u00e9p\u00e9titions<\/td><\/tr><tr><td>Production (Spectacle(s) grand public en studios ou sur sc\u00e8ne)<\/td><\/tr><\/tbody><\/table><\/figure>\n\n\n\n<h2 class=\"wp-block-heading\">Horaire pr\u00e9vu<\/h2>\n\n\n\n<figure class=\"wp-block-table\"><table><tbody><tr><td>Lundi au vendredi, 8 h 30 \u00e0 16 h 30<\/td><\/tr><\/tbody><\/table><\/figure>\n\n\n\n<h2 class=\"wp-block-heading\">D\u00e9roulement<\/h2>\n\n\n\n<h4 class=\"wp-block-heading\"><em>Galerie danse<\/em><\/h4>\n\n\n\n<figure class=\"wp-block-table\"><table><tbody><tr><td>Semaine 1 : Production sur sc\u00e8ne en r\u00e9gion ou en studios<\/td><\/tr><tr><td><\/td><\/tr><tr><td><\/td><\/tr><\/tbody><\/table><\/figure>\n\n\n\n<h2 class=\"wp-block-heading\">Frais de participation<\/h2>\n\n\n\n<figure class=\"wp-block-table\"><table><tbody><tr><td>Inscription : 10 mai&nbsp; &#8211; 30 $<\/td><\/tr><tr><td>Versement Troupe : 10 juillet &#8211; 320$<\/td><\/tr><tr><td>Total Troupe: 350 $<\/td><\/tr><\/tbody><\/table><\/figure>\n\n\n\n<h5 class=\"wp-block-heading\">*TPS et TVQ applicables pour les 15 ans et plus seulement.<\/h5>\n\n\n\n<h2 class=\"wp-block-heading\">H\u00e9bergement<\/h2>\n\n\n\n<figure class=\"wp-block-table\"><table><tbody><tr><td>\u00c0 confirmer aupr\u00e8s des familles d&#8217;accueil en Outaouais, au besoin<\/td><\/tr><tr><td>Frais \u00e0 d\u00e9terminer<\/td><\/tr><tr><td>Transport aux frais des participant(e)s<\/td><\/tr><\/tbody><\/table><\/figure>\n\n\n\n<h2 class=\"wp-block-heading\">Tenue vestimentaire<\/h2>\n\n\n\n<figure class=\"wp-block-table\"><table><thead><tr><th>Filles<\/th><th><br><\/th><\/tr><\/thead><tbody><tr><td>3 maillots<\/td><td>1 bleu marine<br>1 noir 1 couleur unie au choix(ex. : blanc, rose, bourgogne&#8230;)<\/td><\/tr><tr><td>3 collants<\/td><td>1 collant noir<br>2 collants rose*De pr\u00e9f\u00e9rence des collants convertibles sans pied car certains cours sont pieds nus.<\/td><\/tr><tr><td>1 paire de chaussons<\/td><td>mous, roses, en bonne condition<\/td><\/tr><tr><td>1 paire de pointes<\/td><td>en bonne condition (groupe senior seulement) (\u00e0 confirmer en d\u00e9but de session)<\/td><\/tr><tr><td>Trousse de coiffure<\/td><td>n\u00e9cessaire pour les cheveux : bandeaux, pinces, \u00e9lastiques, brosse, filet, gel&#8230;<\/td><\/tr><tr><td>Sac fourre-tout et&nbsp; papier crayons<\/td><td><br><\/td><\/tr><\/tbody><\/table><\/figure>\n\n\n\n<figure class=\"wp-block-table\"><table><thead><tr><th>Gar\u00e7ons<\/th><th><br><\/th><\/tr><\/thead><tbody><tr><td>3 maillots<\/td><td>1 blanc (style camisole)<br>1 noir (style camisole)1 couleur unie au choix<\/td><\/tr><tr><td>2 ou 3 collants<\/td><td>1 ou 2 noir<br>1 couleur unie au choix (ex. : noir, marine, gris&#8230;)*De pr\u00e9f\u00e9rence des collants convertibles sans pied car certains cours sont pieds nus.<\/td><\/tr><tr><td>Ceintures de danse<\/td><td>(12 ans et plus)<\/td><\/tr><tr><td>1 paire de chaussons mous<\/td><td>blanc ou noir, en bonne condition<\/td><\/tr><tr><td>1 paire de souliers<\/td><td>de style caract\u00e8re ou souliers de ville propre (\u00e0 confirmer)<\/td><\/tr><tr><td>Bas blancs \u00e0 la cheville<\/td><td><br><\/td><\/tr><tr><td>Pantalon court style cuissard<\/td><td><br><\/td><\/tr><tr><td>Sac fourre-tout et papier crayons<\/td><td><br><\/td><\/tr><\/tbody><\/table><\/figure>\n\n\n\n<ul class=\"wp-block-list\">\n<li>Chaque article doit \u00eatre identifi\u00e9 au nom de la personne, \u00eatre propre et en bon \u00e9tat.<\/li>\n<\/ul>\n","protected":false},"excerpt":{"rendered":"<p>Description La&nbsp;Galerie danse&nbsp;c\u2019est un entra\u00eenement en danse classique et en danse moderne, des ateliers en cr\u00e9ation, du travail personnel en studio ou sur sc\u00e8ne et un spectacle \u00ab&nbsp;vernissage&nbsp;\u00bb devant public. La&nbsp;Galerie danse&nbsp;offre aux 12 \u00e0 17 ans une exp\u00e9rience pratique pour d\u00e9couvrir l\u2019expression, la cr\u00e9ation et mettre ainsi en valeur son potentiel et une exp\u00e9rience &hellip; <a href=\"https:\/\/jedanse.ca\/en\/troupe-de-danse\/\">Continued<\/a><\/p>\n","protected":false},"author":3,"featured_media":0,"parent":0,"menu_order":0,"comment_status":"closed","ping_status":"closed","template":"","meta":{"_acf_changed":false,"footnotes":""},"class_list":["post-2720","page","type-page","status-publish","hentry"],"acf":[],"_links":{"self":[{"href":"https:\/\/jedanse.ca\/en\/wp-json\/wp\/v2\/pages\/2720","targetHints":{"allow":["GET"]}}],"collection":[{"href":"https:\/\/jedanse.ca\/en\/wp-json\/wp\/v2\/pages"}],"about":[{"href":"https:\/\/jedanse.ca\/en\/wp-json\/wp\/v2\/types\/page"}],"author":[{"embeddable":true,"href":"https:\/\/jedanse.ca\/en\/wp-json\/wp\/v2\/users\/3"}],"replies":[{"embeddable":true,"href":"https:\/\/jedanse.ca\/en\/wp-json\/wp\/v2\/comments?post=2720"}],"version-history":[{"count":1,"href":"https:\/\/jedanse.ca\/en\/wp-json\/wp\/v2\/pages\/2720\/revisions"}],"predecessor-version":[{"id":3444,"href":"https:\/\/jedanse.ca\/en\/wp-json\/wp\/v2\/pages\/2720\/revisions\/3444"}],"wp:attachment":[{"href":"https:\/\/jedanse.ca\/en\/wp-json\/wp\/v2\/media?parent=2720"}],"curies":[{"name":"wp","href":"https:\/\/api.w.org\/{rel}","templated":true}]}}