{"id":2715,"date":"2025-07-28T17:37:14","date_gmt":"2025-07-28T17:37:14","guid":{"rendered":"https:\/\/jedanse.ca\/je-danse-dans-mon-quartier\/"},"modified":"2025-08-22T14:14:35","modified_gmt":"2025-08-22T14:14:35","slug":"je-danse-dans-mon-quartier","status":"publish","type":"page","link":"https:\/\/jedanse.ca\/en\/cours\/je-danse-dans-mon-quartier\/","title":{"rendered":"Je danse dans mon quartier"},"content":{"rendered":"<h2>Description<\/h2>\n<p>\u203a un programme de formation vari\u00e9 en danse;<br data-rich-text-line-break=\"true\" \/>\u203a la conciliation des \u00e9tudes acad\u00e9miques et artistiques;<br data-rich-text-line-break=\"true\" \/>\u203a un horaire plus accessible pour l\u2019\u00e9l\u00e8ve danseur et les parents;<br data-rich-text-line-break=\"true\" \/>\u203a une formation reconnue en danse classique.<\/p>\n<p>Les \u00e9l\u00e8ves inscrits au programme Je danse dans mon quartier\u2026 qui fr\u00e9quentent les \u00e9coles Carl, De la Mont\u00e9e, Des C\u00e9pages, Du Nouveau monde, L\u2019Oiseau bleu et La Source peuvent \u00eatre transport\u00e9s au besoin, en fin d\u2019apr\u00e8s-midi, de l\u2019\u00e9cole \u00e0 l\u2019Acad\u00e9mie. Il y a un frais suppl\u00e9mentaire pour ce service.<\/p>\n","protected":false},"excerpt":{"rendered":"<p>Description \u203a un programme de formation vari\u00e9 en danse;\u203a la conciliation des \u00e9tudes acad\u00e9miques et artistiques;\u203a un horaire plus accessible pour l\u2019\u00e9l\u00e8ve danseur et les parents;\u203a une formation reconnue en danse classique. Les \u00e9l\u00e8ves inscrits au programme Je danse dans mon quartier\u2026 qui fr\u00e9quentent les \u00e9coles Carl, De la Mont\u00e9e, Des C\u00e9pages, Du Nouveau monde, &hellip; <a href=\"https:\/\/jedanse.ca\/en\/cours\/je-danse-dans-mon-quartier\/\">Continued<\/a><\/p>\n","protected":false},"author":3,"featured_media":0,"parent":2776,"menu_order":9,"comment_status":"closed","ping_status":"closed","template":"","meta":{"_acf_changed":false,"footnotes":""},"class_list":["post-2715","page","type-page","status-publish","hentry"],"acf":[],"_links":{"self":[{"href":"https:\/\/jedanse.ca\/en\/wp-json\/wp\/v2\/pages\/2715","targetHints":{"allow":["GET"]}}],"collection":[{"href":"https:\/\/jedanse.ca\/en\/wp-json\/wp\/v2\/pages"}],"about":[{"href":"https:\/\/jedanse.ca\/en\/wp-json\/wp\/v2\/types\/page"}],"author":[{"embeddable":true,"href":"https:\/\/jedanse.ca\/en\/wp-json\/wp\/v2\/users\/3"}],"replies":[{"embeddable":true,"href":"https:\/\/jedanse.ca\/en\/wp-json\/wp\/v2\/comments?post=2715"}],"version-history":[{"count":1,"href":"https:\/\/jedanse.ca\/en\/wp-json\/wp\/v2\/pages\/2715\/revisions"}],"predecessor-version":[{"id":3032,"href":"https:\/\/jedanse.ca\/en\/wp-json\/wp\/v2\/pages\/2715\/revisions\/3032"}],"up":[{"embeddable":true,"href":"https:\/\/jedanse.ca\/en\/wp-json\/wp\/v2\/pages\/2776"}],"wp:attachment":[{"href":"https:\/\/jedanse.ca\/en\/wp-json\/wp\/v2\/media?parent=2715"}],"curies":[{"name":"wp","href":"https:\/\/api.w.org\/{rel}","templated":true}]}}